{"id":3545,"date":"2026-02-25T13:11:04","date_gmt":"2026-02-25T18:11:04","guid":{"rendered":"https:\/\/tmeridian.pe\/?page_id=3545"},"modified":"2026-03-02T11:26:43","modified_gmt":"2026-03-02T16:26:43","slug":"comunicados","status":"publish","type":"page","link":"https:\/\/mail.tmeridian.com.pe\/en\/comunicados\/","title":{"rendered":"Comunicados"},"content":{"rendered":"<div data-elementor-type=\"wp-page\" data-elementor-id=\"3545\" class=\"elementor elementor-3545\" data-elementor-post-type=\"page\">\n\t\t\t\t<div class=\"elementor-element elementor-element-e786320 e-flex e-con-boxed e-con e-parent\" data-id=\"e786320\" data-element_type=\"container\" data-e-type=\"container\" data-settings=\"{&quot;background_background&quot;:&quot;classic&quot;}\">\n\t\t\t\t\t<div class=\"e-con-inner\">\n\t\t\t\t<div class=\"elementor-element elementor-element-8176258 elementor-widget elementor-widget-heading\" data-id=\"8176258\" data-element_type=\"widget\" data-e-type=\"widget\" data-widget_type=\"heading.default\">\n\t\t\t\t\t<h1 class=\"elementor-heading-title elementor-size-default\">Comunicados<\/h1>\t\t\t\t<\/div>\n\t\t<div class=\"elementor-element elementor-element-93fa1b4 e-con-full e-flex e-con e-child\" data-id=\"93fa1b4\" data-element_type=\"container\" data-e-type=\"container\">\n\t\t\t\t<div class=\"elementor-element elementor-element-d4dfe48 elementor-widget elementor-widget-text-editor\" data-id=\"d4dfe48\" data-element_type=\"widget\" data-e-type=\"widget\" data-widget_type=\"text-editor.default\">\n\t\t\t\t\t\t\t\t\t<p data-start=\"352\" data-end=\"904\">En esta secci\u00f3n encontrar\u00e1s los comunicados oficiales de Transportes Meridian, donde compartimos informaci\u00f3n relevante sobre nuestras operaciones, actualizaciones de servicio, disposiciones normativas, mejoras log\u00edsticas y avisos corporativos.\u00a0<\/p><p data-start=\"352\" data-end=\"904\">Nuestro objetivo es mantener informados a clientes, aliados estrat\u00e9gicos y colaboradores sobre cualquier novedad que pueda impactar sus operaciones de transporte y cadena de suministro.\u00a0<\/p>\t\t\t\t\t\t\t\t<\/div>\n\t\t\t\t<\/div>\n\t\t\t\t\t<\/div>\n\t\t\t\t<\/div>\n\t\t<div class=\"elementor-element elementor-element-fb634c1 e-flex e-con-boxed e-con e-parent\" data-id=\"fb634c1\" data-element_type=\"container\" data-e-type=\"container\">\n\t\t\t\t\t<div class=\"e-con-inner\">\n\t\t\t\t<div class=\"elementor-element elementor-element-603835c elementor-widget elementor-widget-html\" data-id=\"603835c\" data-element_type=\"widget\" data-e-type=\"widget\" data-widget_type=\"html.default\">\n\t\t\t\t\t<table>\r\n    <thead>\r\n        <tr>\r\n            <th>Comunicado<\/th>\r\n            <th>Fecha<\/th>\r\n            <th>Descarga <\/th>\r\n        <\/tr>\r\n    <\/thead>\r\n    <tbody>\r\n        <tr>\r\n            <td>  <\/td>\r\n            <td> <\/td>\r\n            <td><a href=\"#\" class=\"download-link\">  <\/a><\/td>\r\n        <\/tr>\r\n        <tr>\r\n            <td>  <\/td>\r\n            <td> <\/td>\r\n            <td><a href=\"#\" class=\"download-link\">   <\/a><\/td>\r\n        <\/tr>\r\n    <\/tbody>\r\n<\/table>\t\t\t\t<\/div>\n\t\t\t\t<div class=\"elementor-element elementor-element-eec826e elementor-hidden-desktop elementor-hidden-laptop elementor-hidden-tablet elementor-hidden-mobile elementor-widget elementor-widget-html\" data-id=\"eec826e\" data-element_type=\"widget\" data-e-type=\"widget\" data-widget_type=\"html.default\">\n\t\t\t\t\t<!DOCTYPE html>\r\n<html lang=\"es\">\r\n<head>\r\n    <meta charset=\"UTF-8\">\r\n    <meta name=\"viewport\" content=\"width=device-width, initial-scale=1.0\">\r\n    <title>Comunicados<\/title>\r\n    <style>\r\n        body {\r\n            font-family: Arial, sans-serif;\r\n            background-color: #f0f0f0;\r\n            margin: 0;\r\n            padding: 0;\r\n        }\r\n\r\n        table {\r\n            width: 100%;\r\n            margin: 20px 0;\r\n            border-collapse: collapse;\r\n        }\r\n\r\n        th, td {\r\n            padding: 12px;\r\n            text-align: left;\r\n            border: 1px solid #ddd;\r\n        }\r\n\r\n        th {\r\n            background-color: #003AD7; \/* Color solicitado solo para el encabezado *\/\r\n            color: white;\r\n        }\r\n\r\n        tr:nth-child(even) {\r\n            background-color: #f2f2f2;\r\n        }\r\n\r\n        .download-link {\r\n            color: #003AD7; \/* Color de los enlaces de descarga *\/\r\n            text-decoration: none;\r\n        }\r\n\r\n        .download-link:hover {\r\n            text-decoration: underline;\r\n        }\r\n    <\/style>\r\n<\/head>\r\n<body>\r\n\r\n    <table>\r\n        <thead>\r\n            <tr>\r\n                <th>Comunicado<\/th>\r\n                <th>Fecha<\/th>\r\n                <th>Descarga<\/th>\r\n            <\/tr>\r\n        <\/thead>\r\n        <tbody>\r\n            <tr>\r\n                <td>Comunicado Ejemplo 1<\/td>\r\n                <td>27\/02\/2026<\/td>\r\n                <td><a href=\"#\" class=\"download-link\">Descargar<\/a><\/td>\r\n            <\/tr>\r\n            <tr>\r\n                <td>Comunicado Ejemplo 2<\/td>\r\n                <td>28\/02\/2026<\/td>\r\n                <td><a href=\"#\" class=\"download-link\">Descargar<\/a><\/td>\r\n            <\/tr>\r\n        <\/tbody>\r\n    <\/table>\r\n\r\n<\/body>\r\n<\/html>\t\t\t\t<\/div>\n\t\t\t\t\t<\/div>\n\t\t\t\t<\/div>\n\t\t<div class=\"elementor-element elementor-element-6acbe92 grupo e-flex e-con-boxed e-con e-parent\" data-id=\"6acbe92\" data-element_type=\"container\" data-e-type=\"container\" data-settings=\"{&quot;background_background&quot;:&quot;classic&quot;}\">\n\t\t\t\t\t<div class=\"e-con-inner\">\n\t\t<div class=\"elementor-element elementor-element-e3c87b2 e-con-full e-flex e-con e-child\" data-id=\"e3c87b2\" data-element_type=\"container\" data-e-type=\"container\">\n\t\t\t\t<div class=\"elementor-element elementor-element-04b914f elementor-widget elementor-widget-heading\" data-id=\"04b914f\" data-element_type=\"widget\" data-e-type=\"widget\" data-widget_type=\"heading.default\">\n\t\t\t\t\t<h2 class=\"elementor-heading-title elementor-size-default\">Tu aliado para avisos preventivos<\/h2>\t\t\t\t<\/div>\n\t\t\t\t<div class=\"elementor-element elementor-element-da2df09 elementor-widget elementor-widget-text-editor\" data-id=\"da2df09\" data-element_type=\"widget\" data-e-type=\"widget\" data-widget_type=\"text-editor.default\">\n\t\t\t\t\t\t\t\t\t<p>Nos dedicamos a facilitar el camino hacia la consecuci\u00f3n de tus objetivos comerciales mediante soluciones log\u00edsticas integrales y estrat\u00e9gicas.<\/p><p>Nuestro compromiso es brindarte transparencia, seguridad y eficiencia en cada etapa de la cadena de suministro, asegurando un manejo adecuado de tu carga desde el origen hasta el destino.<\/p>\t\t\t\t\t\t\t\t<\/div>\n\t\t\t\t<div class=\"elementor-element elementor-element-ec87acd elementor-widget elementor-widget-button\" data-id=\"ec87acd\" data-element_type=\"widget\" data-e-type=\"widget\" data-widget_type=\"button.default\">\n\t\t\t\t\t\t\t\t\t\t<a class=\"elementor-button elementor-button-link elementor-size-sm\" href=\"https:\/\/tmeridian.pe\/contactanos\/\" target=\"_blank\" rel=\"noopener\">\n\t\t\t\t\t\t<span class=\"elementor-button-content-wrapper\">\n\t\t\t\t\t\t\t\t\t<span class=\"elementor-button-text\">Contacta con un asesor<\/span>\n\t\t\t\t\t<\/span>\n\t\t\t\t\t<\/a>\n\t\t\t\t\t\t\t\t<\/div>\n\t\t\t\t<\/div>\n\t\t<div class=\"elementor-element elementor-element-0282851 e-con-full e-flex e-con e-child\" data-id=\"0282851\" data-element_type=\"container\" data-e-type=\"container\">\n\t\t<div class=\"elementor-element elementor-element-555006c e-con-full e-flex e-con e-child\" data-id=\"555006c\" data-element_type=\"container\" data-e-type=\"container\">\n\t\t\t\t<div class=\"elementor-element elementor-element-0ca1fd8 elementor-widget elementor-widget-heading\" data-id=\"0ca1fd8\" data-element_type=\"widget\" data-e-type=\"widget\" data-widget_type=\"heading.default\">\n\t\t\t\t\t<h2 class=\"elementor-heading-title elementor-size-default\">Actualizaciones operativas<\/h2>\t\t\t\t<\/div>\n\t\t\t\t<\/div>\n\t\t<div class=\"elementor-element elementor-element-3f70866 e-con-full e-flex e-con e-child\" data-id=\"3f70866\" data-element_type=\"container\" data-e-type=\"container\">\n\t\t\t\t<div class=\"elementor-element elementor-element-6cdbac7 elementor-widget elementor-widget-text-editor\" data-id=\"6cdbac7\" data-element_type=\"widget\" data-e-type=\"widget\" data-widget_type=\"text-editor.default\">\n\t\t\t\t\t\t\t\t\t<p>Brindamos orientaci\u00f3n pr\u00e1ctica para que las empresas puedan anticiparse y minimizar contingencias.<\/p>\t\t\t\t\t\t\t\t<\/div>\n\t\t\t\t<\/div>\n\t\t<div class=\"elementor-element elementor-element-b5a8644 e-con-full e-flex e-con e-child\" data-id=\"b5a8644\" data-element_type=\"container\" data-e-type=\"container\">\n\t\t\t\t<div class=\"elementor-element elementor-element-972ee9e elementor-widget elementor-widget-image\" data-id=\"972ee9e\" data-element_type=\"widget\" data-e-type=\"widget\" data-widget_type=\"image.default\">\n\t\t\t\t\t\t\t\t\t\t\t\t\t\t\t<img fetchpriority=\"high\" decoding=\"async\" width=\"600\" height=\"400\" src=\"https:\/\/mail.tmeridian.com.pe\/wp-content\/uploads\/2026\/02\/Logistica-de-transporte-1.webp\" class=\"attachment-large size-large wp-image-3560\" alt=\"Log\u00edstico de transporte\" srcset=\"https:\/\/mail.tmeridian.com.pe\/wp-content\/uploads\/2026\/02\/Logistica-de-transporte-1.webp 600w, https:\/\/mail.tmeridian.com.pe\/wp-content\/uploads\/2026\/02\/Logistica-de-transporte-1-300x200.webp 300w, https:\/\/mail.tmeridian.com.pe\/wp-content\/uploads\/2026\/02\/Logistica-de-transporte-1-18x12.webp 18w\" sizes=\"(max-width: 600px) 100vw, 600px\" \/>\t\t\t\t\t\t\t\t\t\t\t\t\t\t\t<\/div>\n\t\t\t\t<\/div>\n\t\t\t\t<\/div>\n\t\t\t\t\t<\/div>\n\t\t\t\t<\/div>\n\t\t\t\t<\/div>","protected":false},"excerpt":{"rendered":"<p>Comunicados En esta secci\u00f3n encontrar\u00e1s los comunicados oficiales de Transportes Meridian, donde compartimos informaci\u00f3n relevante sobre nuestras operaciones, actualizaciones de servicio, disposiciones normativas, mejoras log\u00edsticas y avisos corporativos.\u00a0 Nuestro objetivo es mantener informados a clientes, aliados estrat\u00e9gicos y colaboradores sobre cualquier novedad que pueda impactar sus operaciones de transporte y cadena de suministro.\u00a0 Comunicado Fecha [&hellip;]<\/p>\n","protected":false},"author":2,"featured_media":0,"parent":0,"menu_order":0,"comment_status":"closed","ping_status":"closed","template":"","meta":{"footnotes":""},"class_list":["post-3545","page","type-page","status-publish","hentry"],"blocksy_meta":[],"_links":{"self":[{"href":"https:\/\/mail.tmeridian.com.pe\/en\/wp-json\/wp\/v2\/pages\/3545","targetHints":{"allow":["GET"]}}],"collection":[{"href":"https:\/\/mail.tmeridian.com.pe\/en\/wp-json\/wp\/v2\/pages"}],"about":[{"href":"https:\/\/mail.tmeridian.com.pe\/en\/wp-json\/wp\/v2\/types\/page"}],"author":[{"embeddable":true,"href":"https:\/\/mail.tmeridian.com.pe\/en\/wp-json\/wp\/v2\/users\/2"}],"replies":[{"embeddable":true,"href":"https:\/\/mail.tmeridian.com.pe\/en\/wp-json\/wp\/v2\/comments?post=3545"}],"version-history":[{"count":31,"href":"https:\/\/mail.tmeridian.com.pe\/en\/wp-json\/wp\/v2\/pages\/3545\/revisions"}],"predecessor-version":[{"id":3586,"href":"https:\/\/mail.tmeridian.com.pe\/en\/wp-json\/wp\/v2\/pages\/3545\/revisions\/3586"}],"wp:attachment":[{"href":"https:\/\/mail.tmeridian.com.pe\/en\/wp-json\/wp\/v2\/media?parent=3545"}],"curies":[{"name":"wp","href":"https:\/\/api.w.org\/{rel}","templated":true}]}}