{"id":783,"date":"2025-10-17T15:01:15","date_gmt":"2025-10-17T20:01:15","guid":{"rendered":"https:\/\/tmeridian.com.pe\/?page_id=783"},"modified":"2026-03-04T11:02:21","modified_gmt":"2026-03-04T16:02:21","slug":"flota","status":"publish","type":"page","link":"https:\/\/mail.tmeridian.com.pe\/en\/flota\/","title":{"rendered":"Flota eficiente y confiable"},"content":{"rendered":"<div data-elementor-type=\"wp-page\" data-elementor-id=\"783\" class=\"elementor elementor-783\" data-elementor-post-type=\"page\">\n\t\t\t\t<div class=\"elementor-element elementor-element-d0bbf06 grupo e-flex e-con-boxed e-con e-parent\" data-id=\"d0bbf06\" data-element_type=\"container\" data-e-type=\"container\" data-settings=\"{&quot;background_background&quot;:&quot;classic&quot;}\">\n\t\t\t\t\t<div class=\"e-con-inner\">\n\t\t<div class=\"elementor-element elementor-element-40d24ce e-con-full e-flex e-con e-child\" data-id=\"40d24ce\" data-element_type=\"container\" data-e-type=\"container\">\n\t\t\t\t<div class=\"elementor-element elementor-element-3844af5 elementor-invisible elementor-widget elementor-widget-heading\" data-id=\"3844af5\" data-element_type=\"widget\" data-e-type=\"widget\" data-settings=\"{&quot;_animation&quot;:&quot;slideInLeft&quot;,&quot;_animation_tablet&quot;:&quot;none&quot;}\" data-widget_type=\"heading.default\">\n\t\t\t\t\t<h1 class=\"elementor-heading-title elementor-size-default\">Flota eficiente y confiable<\/h1>\t\t\t\t<\/div>\n\t\t\t\t<\/div>\n\t\t<div class=\"elementor-element elementor-element-97b88dd e-con-full e-flex elementor-invisible e-con e-child\" data-id=\"97b88dd\" data-element_type=\"container\" data-e-type=\"container\" data-settings=\"{&quot;animation&quot;:&quot;slideInRight&quot;,&quot;animation_tablet&quot;:&quot;none&quot;}\">\n\t\t\t\t<div class=\"elementor-element elementor-element-88b7b84 elementor-widget elementor-widget-text-editor\" data-id=\"88b7b84\" data-element_type=\"widget\" data-e-type=\"widget\" data-settings=\"{&quot;_animation&quot;:&quot;none&quot;,&quot;_animation_tablet&quot;:&quot;none&quot;}\" data-widget_type=\"text-editor.default\">\n\t\t\t\t\t\t\t\t\t<p>Contamos con una flota moderna, segura y preparada para adaptarse a distintos modelos de operaci\u00f3n log\u00edstica, garantizando un desempe\u00f1o confiable en cada traslado.<\/p>\t\t\t\t\t\t\t\t<\/div>\n\t\t\t\t<div class=\"elementor-element elementor-element-b4119f5 btn-variante elementor-widget elementor-widget-button\" data-id=\"b4119f5\" data-element_type=\"widget\" data-e-type=\"widget\" data-widget_type=\"button.default\">\n\t\t\t\t\t\t\t\t\t\t<a class=\"elementor-button elementor-button-link elementor-size-sm\" href=\"\/en\/contactanos\/\">\n\t\t\t\t\t\t<span class=\"elementor-button-content-wrapper\">\n\t\t\t\t\t\t\t\t\t<span class=\"elementor-button-text\">Contacta con un asesor<\/span>\n\t\t\t\t\t<\/span>\n\t\t\t\t\t<\/a>\n\t\t\t\t\t\t\t\t<\/div>\n\t\t\t\t<\/div>\n\t\t\t\t\t<\/div>\n\t\t\t\t<\/div>\n\t\t<div class=\"elementor-element elementor-element-8a045c1 e-con-full e-flex e-con e-child\" data-id=\"8a045c1\" data-element_type=\"container\" data-e-type=\"container\" data-settings=\"{&quot;background_background&quot;:&quot;classic&quot;}\">\n\t\t<div class=\"elementor-element elementor-element-b7b888c e-con-full e-flex e-con e-child\" data-id=\"b7b888c\" data-element_type=\"container\" data-e-type=\"container\">\n\t\t\t\t<div class=\"elementor-element elementor-element-8b5ac4e elementor-widget__width-initial elementor-widget elementor-widget-heading\" data-id=\"8b5ac4e\" data-element_type=\"widget\" data-e-type=\"widget\" data-widget_type=\"heading.default\">\n\t\t\t\t\t<h2 class=\"elementor-heading-title elementor-size-default\">Flota moderna para operaciones eficientes<\/h2>\t\t\t\t<\/div>\n\t\t<div class=\"elementor-element elementor-element-e580a7b e-con-full e-flex e-con e-child\" data-id=\"e580a7b\" data-element_type=\"container\" data-e-type=\"container\">\n\t\t\t\t<div class=\"elementor-element elementor-element-12386ef elementor-widget elementor-widget-text-editor\" data-id=\"12386ef\" data-element_type=\"widget\" data-e-type=\"widget\" data-widget_type=\"text-editor.default\">\n\t\t\t\t\t\t\t\t\t<p><span style=\"font-weight: 400;\">Disponemos de una flota moderna de camiones dise\u00f1ada para responder a diversas necesidades log\u00edsticas. Cada unidad est\u00e1 equipada para brindar seguridad, eficiencia y un alto nivel de rendimiento en diferentes tipos de operaci\u00f3n. Nuestro objetivo es asegurar un transporte confiable, \u00e1gil y acorde a los est\u00e1ndares que exige la cadena de suministro actual.<\/span><\/p>\t\t\t\t\t\t\t\t<\/div>\n\t\t\t\t<div class=\"elementor-element elementor-element-7a9b0a3 elementor-widget elementor-widget-button\" data-id=\"7a9b0a3\" data-element_type=\"widget\" data-e-type=\"widget\" data-widget_type=\"button.default\">\n\t\t\t\t\t\t\t\t\t\t<a class=\"elementor-button elementor-button-link elementor-size-sm\" href=\"\/en\/contactanos\/\">\n\t\t\t\t\t\t<span class=\"elementor-button-content-wrapper\">\n\t\t\t\t\t\t\t\t\t<span class=\"elementor-button-text\">Cont\u00e1ctanos<\/span>\n\t\t\t\t\t<\/span>\n\t\t\t\t\t<\/a>\n\t\t\t\t\t\t\t\t<\/div>\n\t\t\t\t<\/div>\n\t\t\t\t<\/div>\n\t\t\t\t<div class=\"elementor-element elementor-element-36b6a89 elementor-widget-mobile__width-inherit 100view elementor-widget__width-initial elementor-widget elementor-widget-image\" data-id=\"36b6a89\" data-element_type=\"widget\" data-e-type=\"widget\" data-widget_type=\"image.default\">\n\t\t\t\t\t\t\t\t\t\t\t\t\t\t\t<img fetchpriority=\"high\" decoding=\"async\" width=\"1024\" height=\"768\" src=\"https:\/\/tmeridian.pe\/wp-content\/uploads\/2025\/12\/flotas-fondo-1024x768.webp\" class=\"attachment-large size-large wp-image-2847\" alt=\"\" srcset=\"https:\/\/tmeridian.pe\/wp-content\/uploads\/2025\/12\/flotas-fondo-1024x768.webp 1024w, https:\/\/tmeridian.pe\/wp-content\/uploads\/2025\/12\/flotas-fondo-300x225.webp 300w, https:\/\/tmeridian.pe\/wp-content\/uploads\/2025\/12\/flotas-fondo-768x576.webp 768w, https:\/\/tmeridian.pe\/wp-content\/uploads\/2025\/12\/flotas-fondo-16x12.webp 16w, https:\/\/tmeridian.pe\/wp-content\/uploads\/2025\/12\/flotas-fondo.webp 1200w\" sizes=\"(max-width: 1024px) 100vw, 1024px\" \/>\t\t\t\t\t\t\t\t\t\t\t\t\t\t\t<\/div>\n\t\t\t\t<\/div>\n\t\t<div class=\"elementor-element elementor-element-762748e grupo e-flex e-con-boxed e-con e-parent\" data-id=\"762748e\" data-element_type=\"container\" data-e-type=\"container\" data-settings=\"{&quot;background_background&quot;:&quot;classic&quot;}\">\n\t\t\t\t\t<div class=\"e-con-inner\">\n\t\t<div class=\"elementor-element elementor-element-b8833c8 e-con-full e-flex e-con e-child\" data-id=\"b8833c8\" data-element_type=\"container\" data-e-type=\"container\">\n\t\t<div class=\"elementor-element elementor-element-b8c42ee e-con-full e-flex e-con e-child\" data-id=\"b8c42ee\" data-element_type=\"container\" data-e-type=\"container\">\n\t\t\t\t<div class=\"elementor-element elementor-element-da9c5bb elementor-widget elementor-widget-heading\" data-id=\"da9c5bb\" data-element_type=\"widget\" data-e-type=\"widget\" data-widget_type=\"heading.default\">\n\t\t\t\t\t<h2 class=\"elementor-heading-title elementor-size-default\">Camiones equipados para todo tipo de operaci\u00f3n<\/h2>\t\t\t\t<\/div>\n\t\t\t\t<\/div>\n\t\t<div class=\"elementor-element elementor-element-95f7abe e-con-full e-flex e-con e-child\" data-id=\"95f7abe\" data-element_type=\"container\" data-e-type=\"container\">\n\t\t\t\t<div class=\"elementor-element elementor-element-4230f23 elementor-widget elementor-widget-text-editor\" data-id=\"4230f23\" data-element_type=\"widget\" data-e-type=\"widget\" data-widget_type=\"text-editor.default\">\n\t\t\t\t\t\t\t\t\t<p><span style=\"font-weight: 400;\">Disponemos de unidades de diferentes capacidades, adaptadas para transporte de carga pesada<\/span><\/p>\t\t\t\t\t\t\t\t<\/div>\n\t\t\t\t<\/div>\n\t\t\t\t<\/div>\n\t\t<div class=\"elementor-element elementor-element-01a878d e-con-full e-grid e-con e-child\" data-id=\"01a878d\" data-element_type=\"container\" data-e-type=\"container\">\n\t\t<div class=\"elementor-element elementor-element-a4703f5 e-con-full e-flex e-con e-child\" data-id=\"a4703f5\" data-element_type=\"container\" data-e-type=\"container\">\n\t\t\t\t<div class=\"elementor-element elementor-element-a6b0f80 elementor-widget__width-initial elementor-widget elementor-widget-image\" data-id=\"a6b0f80\" data-element_type=\"widget\" data-e-type=\"widget\" data-widget_type=\"image.default\">\n\t\t\t\t\t\t\t\t\t\t\t\t\t\t\t<img decoding=\"async\" width=\"390\" height=\"306\" src=\"https:\/\/tmeridian.pe\/wp-content\/uploads\/2025\/12\/transportes-meridian-1.webp\" class=\"attachment-medium_large size-medium_large wp-image-2921\" alt=\"\" srcset=\"https:\/\/tmeridian.pe\/wp-content\/uploads\/2025\/12\/transportes-meridian-1.webp 390w, https:\/\/tmeridian.pe\/wp-content\/uploads\/2025\/12\/transportes-meridian-1-300x235.webp 300w, https:\/\/tmeridian.pe\/wp-content\/uploads\/2025\/12\/transportes-meridian-1-15x12.webp 15w\" sizes=\"(max-width: 390px) 100vw, 390px\" \/>\t\t\t\t\t\t\t\t\t\t\t\t\t\t\t<\/div>\n\t\t\t\t<div class=\"elementor-element elementor-element-53da07b elementor-widget elementor-widget-heading\" data-id=\"53da07b\" data-element_type=\"widget\" data-e-type=\"widget\" data-widget_type=\"heading.default\">\n\t\t\t\t\t<h3 class=\"elementor-heading-title elementor-size-default\">Freightliner M2 112<\/h3>\t\t\t\t<\/div>\n\t\t\t\t<\/div>\n\t\t<div class=\"elementor-element elementor-element-7c04b72 e-con-full e-flex e-con e-child\" data-id=\"7c04b72\" data-element_type=\"container\" data-e-type=\"container\">\n\t\t\t\t<div class=\"elementor-element elementor-element-d2351de elementor-widget__width-initial elementor-widget elementor-widget-image\" data-id=\"d2351de\" data-element_type=\"widget\" data-e-type=\"widget\" data-widget_type=\"image.default\">\n\t\t\t\t\t\t\t\t\t\t\t\t\t\t\t<img decoding=\"async\" width=\"390\" height=\"306\" src=\"https:\/\/tmeridian.pe\/wp-content\/uploads\/2025\/12\/transportes-meridian-1.webp\" class=\"attachment-medium_large size-medium_large wp-image-2921\" alt=\"\" srcset=\"https:\/\/tmeridian.pe\/wp-content\/uploads\/2025\/12\/transportes-meridian-1.webp 390w, https:\/\/tmeridian.pe\/wp-content\/uploads\/2025\/12\/transportes-meridian-1-300x235.webp 300w, https:\/\/tmeridian.pe\/wp-content\/uploads\/2025\/12\/transportes-meridian-1-15x12.webp 15w\" sizes=\"(max-width: 390px) 100vw, 390px\" \/>\t\t\t\t\t\t\t\t\t\t\t\t\t\t\t<\/div>\n\t\t\t\t<div class=\"elementor-element elementor-element-29c9cd8 elementor-widget elementor-widget-heading\" data-id=\"29c9cd8\" data-element_type=\"widget\" data-e-type=\"widget\" data-widget_type=\"heading.default\">\n\t\t\t\t\t<h3 class=\"elementor-heading-title elementor-size-default\">Freightliner 114 SD<\/h3>\t\t\t\t<\/div>\n\t\t\t\t<\/div>\n\t\t<div class=\"elementor-element elementor-element-e2c5674 e-con-full e-flex e-con e-child\" data-id=\"e2c5674\" data-element_type=\"container\" data-e-type=\"container\">\n\t\t\t\t<div class=\"elementor-element elementor-element-0db83f9 elementor-widget__width-initial elementor-widget elementor-widget-image\" data-id=\"0db83f9\" data-element_type=\"widget\" data-e-type=\"widget\" data-widget_type=\"image.default\">\n\t\t\t\t\t\t\t\t\t\t\t\t\t\t\t<img decoding=\"async\" width=\"390\" height=\"306\" src=\"https:\/\/tmeridian.pe\/wp-content\/uploads\/2025\/12\/transportes-meridian-2.webp\" class=\"attachment-medium_large size-medium_large wp-image-2922\" alt=\"\" srcset=\"https:\/\/tmeridian.pe\/wp-content\/uploads\/2025\/12\/transportes-meridian-2.webp 390w, https:\/\/tmeridian.pe\/wp-content\/uploads\/2025\/12\/transportes-meridian-2-300x235.webp 300w, https:\/\/tmeridian.pe\/wp-content\/uploads\/2025\/12\/transportes-meridian-2-15x12.webp 15w\" sizes=\"(max-width: 390px) 100vw, 390px\" \/>\t\t\t\t\t\t\t\t\t\t\t\t\t\t\t<\/div>\n\t\t\t\t<div class=\"elementor-element elementor-element-a563356 elementor-widget elementor-widget-heading\" data-id=\"a563356\" data-element_type=\"widget\" data-e-type=\"widget\" data-widget_type=\"heading.default\">\n\t\t\t\t\t<h3 class=\"elementor-heading-title elementor-size-default\">Sitrak<\/h3>\t\t\t\t<\/div>\n\t\t\t\t<\/div>\n\t\t<div class=\"elementor-element elementor-element-467cdd6 e-con-full e-flex e-con e-child\" data-id=\"467cdd6\" data-element_type=\"container\" data-e-type=\"container\">\n\t\t\t\t<div class=\"elementor-element elementor-element-3232633 elementor-widget__width-initial elementor-widget elementor-widget-image\" data-id=\"3232633\" data-element_type=\"widget\" data-e-type=\"widget\" data-widget_type=\"image.default\">\n\t\t\t\t\t\t\t\t\t\t\t\t\t\t\t<img loading=\"lazy\" decoding=\"async\" width=\"379\" height=\"306\" src=\"https:\/\/tmeridian.pe\/wp-content\/uploads\/2025\/12\/transportes-meridian-3.webp\" class=\"attachment-medium_large size-medium_large wp-image-2923\" alt=\"\" srcset=\"https:\/\/tmeridian.pe\/wp-content\/uploads\/2025\/12\/transportes-meridian-3.webp 379w, https:\/\/tmeridian.pe\/wp-content\/uploads\/2025\/12\/transportes-meridian-3-300x242.webp 300w, https:\/\/tmeridian.pe\/wp-content\/uploads\/2025\/12\/transportes-meridian-3-15x12.webp 15w\" sizes=\"(max-width: 379px) 100vw, 379px\" \/>\t\t\t\t\t\t\t\t\t\t\t\t\t\t\t<\/div>\n\t\t\t\t<div class=\"elementor-element elementor-element-dcf5236 elementor-widget elementor-widget-heading\" data-id=\"dcf5236\" data-element_type=\"widget\" data-e-type=\"widget\" data-widget_type=\"heading.default\">\n\t\t\t\t\t<h3 class=\"elementor-heading-title elementor-size-default\">Porta contenedores<\/h3>\t\t\t\t<\/div>\n\t\t\t\t<\/div>\n\t\t<div class=\"elementor-element elementor-element-c166af1 e-con-full e-flex e-con e-child\" data-id=\"c166af1\" data-element_type=\"container\" data-e-type=\"container\">\n\t\t\t\t<div class=\"elementor-element elementor-element-a5ca9b2 elementor-widget__width-initial elementor-widget elementor-widget-image\" data-id=\"a5ca9b2\" data-element_type=\"widget\" data-e-type=\"widget\" data-widget_type=\"image.default\">\n\t\t\t\t\t\t\t\t\t\t\t\t\t\t\t<img loading=\"lazy\" decoding=\"async\" width=\"390\" height=\"306\" src=\"https:\/\/tmeridian.pe\/wp-content\/uploads\/2025\/12\/transportes-meridian-4.webp\" class=\"attachment-medium_large size-medium_large wp-image-2924\" alt=\"\" srcset=\"https:\/\/tmeridian.pe\/wp-content\/uploads\/2025\/12\/transportes-meridian-4.webp 390w, https:\/\/tmeridian.pe\/wp-content\/uploads\/2025\/12\/transportes-meridian-4-300x235.webp 300w, https:\/\/tmeridian.pe\/wp-content\/uploads\/2025\/12\/transportes-meridian-4-15x12.webp 15w\" sizes=\"(max-width: 390px) 100vw, 390px\" \/>\t\t\t\t\t\t\t\t\t\t\t\t\t\t\t<\/div>\n\t\t\t\t<div class=\"elementor-element elementor-element-0fb8e2d elementor-widget elementor-widget-heading\" data-id=\"0fb8e2d\" data-element_type=\"widget\" data-e-type=\"widget\" data-widget_type=\"heading.default\">\n\t\t\t\t\t<h3 class=\"elementor-heading-title elementor-size-default\">Plataformas 20'' y 40''\n<\/h3>\t\t\t\t<\/div>\n\t\t\t\t<\/div>\n\t\t<div class=\"elementor-element elementor-element-1857303 e-con-full e-flex e-con e-child\" data-id=\"1857303\" data-element_type=\"container\" data-e-type=\"container\">\n\t\t\t\t<div class=\"elementor-element elementor-element-0993397 elementor-widget__width-initial elementor-widget elementor-widget-image\" data-id=\"0993397\" data-element_type=\"widget\" data-e-type=\"widget\" data-widget_type=\"image.default\">\n\t\t\t\t\t\t\t\t\t\t\t\t\t\t\t<img loading=\"lazy\" decoding=\"async\" width=\"389\" height=\"301\" src=\"https:\/\/tmeridian.pe\/wp-content\/uploads\/2025\/12\/transportes-meridian-5-e1765465615807.webp\" class=\"attachment-medium_large size-medium_large wp-image-2926\" alt=\"\" srcset=\"https:\/\/tmeridian.pe\/wp-content\/uploads\/2025\/12\/transportes-meridian-5-e1765465615807.webp 389w, https:\/\/tmeridian.pe\/wp-content\/uploads\/2025\/12\/transportes-meridian-5-e1765465615807-300x232.webp 300w, https:\/\/tmeridian.pe\/wp-content\/uploads\/2025\/12\/transportes-meridian-5-e1765465615807-16x12.webp 16w\" sizes=\"(max-width: 389px) 100vw, 389px\" \/>\t\t\t\t\t\t\t\t\t\t\t\t\t\t\t<\/div>\n\t\t\t\t<div class=\"elementor-element elementor-element-d46ce18 elementor-widget elementor-widget-heading\" data-id=\"d46ce18\" data-element_type=\"widget\" data-e-type=\"widget\" data-widget_type=\"heading.default\">\n\t\t\t\t\t<h3 class=\"elementor-heading-title elementor-size-default\">Cama baja<\/h3>\t\t\t\t<\/div>\n\t\t\t\t<\/div>\n\t\t<div class=\"elementor-element elementor-element-1503b1b e-con-full e-flex e-con e-child\" data-id=\"1503b1b\" data-element_type=\"container\" data-e-type=\"container\">\n\t\t\t\t<div class=\"elementor-element elementor-element-9a832f2 elementor-widget__width-initial elementor-widget elementor-widget-image\" data-id=\"9a832f2\" data-element_type=\"widget\" data-e-type=\"widget\" data-widget_type=\"image.default\">\n\t\t\t\t\t\t\t\t\t\t\t\t\t\t\t<img loading=\"lazy\" decoding=\"async\" width=\"400\" height=\"300\" src=\"https:\/\/tmeridian.pe\/wp-content\/uploads\/2025\/12\/transportes-meridian-6.webp\" class=\"attachment-medium_large size-medium_large wp-image-2927\" alt=\"\" srcset=\"https:\/\/tmeridian.pe\/wp-content\/uploads\/2025\/12\/transportes-meridian-6.webp 400w, https:\/\/tmeridian.pe\/wp-content\/uploads\/2025\/12\/transportes-meridian-6-300x225.webp 300w, https:\/\/tmeridian.pe\/wp-content\/uploads\/2025\/12\/transportes-meridian-6-16x12.webp 16w\" sizes=\"(max-width: 400px) 100vw, 400px\" \/>\t\t\t\t\t\t\t\t\t\t\t\t\t\t\t<\/div>\n\t\t\t\t<div class=\"elementor-element elementor-element-a86fcc4 elementor-widget elementor-widget-heading\" data-id=\"a86fcc4\" data-element_type=\"widget\" data-e-type=\"widget\" data-widget_type=\"heading.default\">\n\t\t\t\t\t<h3 class=\"elementor-heading-title elementor-size-default\">Plataforma extensible<\/h3>\t\t\t\t<\/div>\n\t\t\t\t<\/div>\n\t\t<div class=\"elementor-element elementor-element-07c4b10 e-con-full e-flex e-con e-child\" data-id=\"07c4b10\" data-element_type=\"container\" data-e-type=\"container\">\n\t\t\t\t<div class=\"elementor-element elementor-element-51101ef elementor-widget__width-initial elementor-widget elementor-widget-image\" data-id=\"51101ef\" data-element_type=\"widget\" data-e-type=\"widget\" data-widget_type=\"image.default\">\n\t\t\t\t\t\t\t\t\t\t\t\t\t\t\t<img loading=\"lazy\" decoding=\"async\" width=\"390\" height=\"306\" src=\"https:\/\/tmeridian.pe\/wp-content\/uploads\/2025\/12\/transportes-meridian-7.webp\" class=\"attachment-medium_large size-medium_large wp-image-2928\" alt=\"\" srcset=\"https:\/\/tmeridian.pe\/wp-content\/uploads\/2025\/12\/transportes-meridian-7.webp 390w, https:\/\/tmeridian.pe\/wp-content\/uploads\/2025\/12\/transportes-meridian-7-300x235.webp 300w, https:\/\/tmeridian.pe\/wp-content\/uploads\/2025\/12\/transportes-meridian-7-15x12.webp 15w\" sizes=\"(max-width: 390px) 100vw, 390px\" \/>\t\t\t\t\t\t\t\t\t\t\t\t\t\t\t<\/div>\n\t\t\t\t<div class=\"elementor-element elementor-element-d21a210 elementor-widget elementor-widget-heading\" data-id=\"d21a210\" data-element_type=\"widget\" data-e-type=\"widget\" data-widget_type=\"heading.default\">\n\t\t\t\t\t<h3 class=\"elementor-heading-title elementor-size-default\">Caja 58M3<\/h3>\t\t\t\t<\/div>\n\t\t\t\t<\/div>\n\t\t<div class=\"elementor-element elementor-element-5d94e8b e-con-full e-flex e-con e-child\" data-id=\"5d94e8b\" data-element_type=\"container\" data-e-type=\"container\">\n\t\t\t\t<div class=\"elementor-element elementor-element-f85816e elementor-widget__width-initial elementor-widget elementor-widget-image\" data-id=\"f85816e\" data-element_type=\"widget\" data-e-type=\"widget\" data-widget_type=\"image.default\">\n\t\t\t\t\t\t\t\t\t\t\t\t\t\t\t<img loading=\"lazy\" decoding=\"async\" width=\"768\" height=\"409\" src=\"https:\/\/tmeridian.pe\/wp-content\/uploads\/2025\/12\/Gemini_Generated_Image_uo0wbuuo0wbuuo0w-768x409.webp\" class=\"attachment-medium_large size-medium_large wp-image-3226\" alt=\"\" srcset=\"https:\/\/tmeridian.pe\/wp-content\/uploads\/2025\/12\/Gemini_Generated_Image_uo0wbuuo0wbuuo0w-768x409.webp 768w, https:\/\/tmeridian.pe\/wp-content\/uploads\/2025\/12\/Gemini_Generated_Image_uo0wbuuo0wbuuo0w-300x160.webp 300w, https:\/\/tmeridian.pe\/wp-content\/uploads\/2025\/12\/Gemini_Generated_Image_uo0wbuuo0wbuuo0w-18x10.webp 18w, https:\/\/tmeridian.pe\/wp-content\/uploads\/2025\/12\/Gemini_Generated_Image_uo0wbuuo0wbuuo0w.webp 962w\" sizes=\"(max-width: 768px) 100vw, 768px\" \/>\t\t\t\t\t\t\t\t\t\t\t\t\t\t\t<\/div>\n\t\t\t\t<div class=\"elementor-element elementor-element-1687bd6 elementor-widget elementor-widget-heading\" data-id=\"1687bd6\" data-element_type=\"widget\" data-e-type=\"widget\" data-widget_type=\"heading.default\">\n\t\t\t\t\t<h3 class=\"elementor-heading-title elementor-size-default\">Caja 70M3<\/h3>\t\t\t\t<\/div>\n\t\t\t\t<\/div>\n\t\t<div class=\"elementor-element elementor-element-18cb949 e-con-full e-flex e-con e-child\" data-id=\"18cb949\" data-element_type=\"container\" data-e-type=\"container\">\n\t\t\t\t<div class=\"elementor-element elementor-element-cbad592 elementor-widget__width-initial elementor-widget elementor-widget-image\" data-id=\"cbad592\" data-element_type=\"widget\" data-e-type=\"widget\" data-widget_type=\"image.default\">\n\t\t\t\t\t\t\t\t\t\t\t\t\t\t\t<img loading=\"lazy\" decoding=\"async\" width=\"768\" height=\"409\" src=\"https:\/\/tmeridian.pe\/wp-content\/uploads\/2025\/12\/Gemini_Generated_Image_uo0wbuuo0wbuuo0w-768x409.webp\" class=\"attachment-medium_large size-medium_large wp-image-3226\" alt=\"\" srcset=\"https:\/\/tmeridian.pe\/wp-content\/uploads\/2025\/12\/Gemini_Generated_Image_uo0wbuuo0wbuuo0w-768x409.webp 768w, https:\/\/tmeridian.pe\/wp-content\/uploads\/2025\/12\/Gemini_Generated_Image_uo0wbuuo0wbuuo0w-300x160.webp 300w, https:\/\/tmeridian.pe\/wp-content\/uploads\/2025\/12\/Gemini_Generated_Image_uo0wbuuo0wbuuo0w-18x10.webp 18w, https:\/\/tmeridian.pe\/wp-content\/uploads\/2025\/12\/Gemini_Generated_Image_uo0wbuuo0wbuuo0w.webp 962w\" sizes=\"(max-width: 768px) 100vw, 768px\" \/>\t\t\t\t\t\t\t\t\t\t\t\t\t\t\t<\/div>\n\t\t\t\t<div class=\"elementor-element elementor-element-98a5e29 elementor-widget elementor-widget-heading\" data-id=\"98a5e29\" data-element_type=\"widget\" data-e-type=\"widget\" data-widget_type=\"heading.default\">\n\t\t\t\t\t<h3 class=\"elementor-heading-title elementor-size-default\">Caja 90M3<\/h3>\t\t\t\t<\/div>\n\t\t\t\t<\/div>\n\t\t\t\t<\/div>\n\t\t\t\t\t<\/div>\n\t\t\t\t<\/div>\n\t\t<div class=\"elementor-element elementor-element-2e5250b grupo--compacto e-flex e-con-boxed e-con e-parent\" data-id=\"2e5250b\" data-element_type=\"container\" data-e-type=\"container\" data-settings=\"{&quot;background_background&quot;:&quot;classic&quot;}\">\n\t\t\t\t\t<div class=\"e-con-inner\">\n\t\t<div class=\"elementor-element elementor-element-33c5e86 e-con-full e-flex e-con e-child\" data-id=\"33c5e86\" data-element_type=\"container\" data-e-type=\"container\">\n\t\t\t\t<div class=\"elementor-element elementor-element-9f36370 elementor-widget elementor-widget-heading\" data-id=\"9f36370\" data-element_type=\"widget\" data-e-type=\"widget\" data-widget_type=\"heading.default\">\n\t\t\t\t\t<h2 class=\"elementor-heading-title elementor-size-default\">Conversemos sobre tu pr\u00f3xima operaci\u00f3n<\/h2>\t\t\t\t<\/div>\n\t\t\t\t<\/div>\n\t\t<div class=\"elementor-element elementor-element-999d126 e-con-full e-flex e-con e-child\" data-id=\"999d126\" data-element_type=\"container\" data-e-type=\"container\">\n\t\t\t\t<div class=\"elementor-element elementor-element-8336d90 elementor-widget elementor-widget-text-editor\" data-id=\"8336d90\" data-element_type=\"widget\" data-e-type=\"widget\" data-widget_type=\"text-editor.default\">\n\t\t\t\t\t\t\t\t\t<p>Accede a espacios estrat\u00e9gicos y servicios dise\u00f1ados para tu crecimiento.<\/p>\t\t\t\t\t\t\t\t<\/div>\n\t\t\t\t<div class=\"elementor-element elementor-element-39403c4 elementor-widget elementor-widget-button\" data-id=\"39403c4\" data-element_type=\"widget\" data-e-type=\"widget\" data-widget_type=\"button.default\">\n\t\t\t\t\t\t\t\t\t\t<a class=\"elementor-button elementor-button-link elementor-size-sm\" href=\"https:\/\/mail.tmeridian.com.pe\/en\/contactanos\/\">\n\t\t\t\t\t\t<span class=\"elementor-button-content-wrapper\">\n\t\t\t\t\t\t\t\t\t<span class=\"elementor-button-text\">Contacta con un asesor<\/span>\n\t\t\t\t\t<\/span>\n\t\t\t\t\t<\/a>\n\t\t\t\t\t\t\t\t<\/div>\n\t\t\t\t<\/div>\n\t\t\t\t\t<\/div>\n\t\t\t\t<\/div>\n\t\t\t\t<\/div>","protected":false},"excerpt":{"rendered":"<p>Flota eficiente y confiable Contamos con una flota moderna, segura y preparada para adaptarse a distintos modelos de operaci\u00f3n log\u00edstica, garantizando un desempe\u00f1o confiable en cada traslado. Contacta con un asesor Flota moderna para operaciones eficientes Disponemos de una flota moderna de camiones dise\u00f1ada para responder a diversas necesidades log\u00edsticas. Cada unidad est\u00e1 equipada para [&hellip;]<\/p>\n","protected":false},"author":1,"featured_media":3322,"parent":0,"menu_order":0,"comment_status":"closed","ping_status":"closed","template":"","meta":{"footnotes":""},"class_list":["post-783","page","type-page","status-publish","has-post-thumbnail","hentry"],"blocksy_meta":[],"_links":{"self":[{"href":"https:\/\/mail.tmeridian.com.pe\/en\/wp-json\/wp\/v2\/pages\/783","targetHints":{"allow":["GET"]}}],"collection":[{"href":"https:\/\/mail.tmeridian.com.pe\/en\/wp-json\/wp\/v2\/pages"}],"about":[{"href":"https:\/\/mail.tmeridian.com.pe\/en\/wp-json\/wp\/v2\/types\/page"}],"author":[{"embeddable":true,"href":"https:\/\/mail.tmeridian.com.pe\/en\/wp-json\/wp\/v2\/users\/1"}],"replies":[{"embeddable":true,"href":"https:\/\/mail.tmeridian.com.pe\/en\/wp-json\/wp\/v2\/comments?post=783"}],"version-history":[{"count":13,"href":"https:\/\/mail.tmeridian.com.pe\/en\/wp-json\/wp\/v2\/pages\/783\/revisions"}],"predecessor-version":[{"id":3427,"href":"https:\/\/mail.tmeridian.com.pe\/en\/wp-json\/wp\/v2\/pages\/783\/revisions\/3427"}],"wp:featuredmedia":[{"embeddable":true,"href":"https:\/\/mail.tmeridian.com.pe\/en\/wp-json\/wp\/v2\/media\/3322"}],"wp:attachment":[{"href":"https:\/\/mail.tmeridian.com.pe\/en\/wp-json\/wp\/v2\/media?parent=783"}],"curies":[{"name":"wp","href":"https:\/\/api.w.org\/{rel}","templated":true}]}}